{"id":5281,"date":"2023-02-17T13:04:34","date_gmt":"2023-02-17T11:04:34","guid":{"rendered":"https:\/\/ariadne.gr\/%cf%8c%cf%81%ce%bf%ce%b9-%cf%87%cf%81%ce%ae%cf%83%ce%b7%cf%82\/"},"modified":"2024-06-10T13:07:29","modified_gmt":"2024-06-10T10:07:29","slug":"termeni-si-conditii","status":"publish","type":"page","link":"https:\/\/ariadne.gr\/ro\/termeni-si-conditii\/","title":{"rendered":"Termeni \u0219i condi\u021bii"},"content":{"rendered":"\t\t<div data-elementor-type=\"wp-page\" data-elementor-id=\"5281\" class=\"elementor elementor-5281 elementor-2414\" data-elementor-post-type=\"page\">\n\t\t\t\t\t\t<section class=\"elementor-section elementor-top-section elementor-element elementor-element-fb6300c elementor-section-full_width elementor-section-height-min-height elementor-section-height-default elementor-section-items-middle\" data-id=\"fb6300c\" data-element_type=\"section\" data-e-type=\"section\" data-settings=\"{&quot;background_background&quot;:&quot;classic&quot;}\">\n\t\t\t\t\t\t<div class=\"elementor-container elementor-column-gap-default\">\n\t\t\t\t\t<div class=\"elementor-column elementor-col-100 elementor-top-column elementor-element elementor-element-0d35b6e\" data-id=\"0d35b6e\" data-element_type=\"column\" data-e-type=\"column\">\n\t\t\t<div class=\"elementor-widget-wrap elementor-element-populated\">\n\t\t\t\t\t\t<div class=\"elementor-element elementor-element-410f12fb elementor-widget elementor-widget-heading\" data-id=\"410f12fb\" data-element_type=\"widget\" data-e-type=\"widget\" data-widget_type=\"heading.default\">\n\t\t\t\t<div class=\"elementor-widget-container\">\n\t\t\t\t\t<h1 class=\"elementor-heading-title elementor-size-default\">Termeni \u0219i condi\u021bii\n<\/h1>\t\t\t\t<\/div>\n\t\t\t\t<\/div>\n\t\t\t\t\t<\/div>\n\t\t<\/div>\n\t\t\t\t\t<\/div>\n\t\t<\/section>\n\t\t\t\t<section class=\"elementor-section elementor-top-section elementor-element elementor-element-1337457c elementor-section-content-middle elementor-section-boxed elementor-section-height-default elementor-section-height-default\" data-id=\"1337457c\" data-element_type=\"section\" data-e-type=\"section\">\n\t\t\t\t\t\t<div class=\"elementor-container elementor-column-gap-no\">\n\t\t\t\t\t<div class=\"elementor-column elementor-col-100 elementor-top-column elementor-element elementor-element-768a705\" data-id=\"768a705\" data-element_type=\"column\" data-e-type=\"column\">\n\t\t\t<div class=\"elementor-widget-wrap elementor-element-populated\">\n\t\t\t\t\t\t<div class=\"elementor-element elementor-element-7a616e5 elementor-widget elementor-widget-heading\" data-id=\"7a616e5\" data-element_type=\"widget\" data-e-type=\"widget\" data-widget_type=\"heading.default\">\n\t\t\t\t<div class=\"elementor-widget-container\">\n\t\t\t\t\t<h2 class=\"elementor-heading-title elementor-size-default\">Condi\u021bii generale de rezervare - ce trebuie s\u0103 \u0219ti\u021bi despre rezervarea \u0219i validarea camerelor<\/h2>\t\t\t\t<\/div>\n\t\t\t\t<\/div>\n\t\t\t\t<div class=\"elementor-element elementor-element-103d8ad5 elementor-widget elementor-widget-text-editor\" data-id=\"103d8ad5\" data-element_type=\"widget\" data-e-type=\"widget\" data-widget_type=\"text-editor.default\">\n\t\t\t\t<div class=\"elementor-widget-container\">\n\t\t\t\t\t\t\t\t\t<p>V\u0103 rug\u0103m s\u0103 lua\u021bi la cuno\u0219tin\u021ba cu aten\u021bie condi\u021biile de efectuare, modificare \u0219i anulare a rezerv\u0103rilor, pentru a evita eventuale neclarit\u0103\u021bi \u0219i probleme de alt gen.<\/p><p>Urmatorii termeni si conditii se vor aplica tuturor rezervarilor, indiferent cum au fost efectuate (prin site-ul propriu, email, telefonic, agent de turism, sisteme sau motoare de rezervari). Va rugam sa va alocati timp sa le cititi inainte de a efectua o rezervare. Va rugam sa acordati atentie politicii de plata si de anulare inainte de a rezerva.<\/p><h3>Tarife<\/h3><ul class=\"ul_2\"><li style=\"list-style-type: none;\"><ul class=\"ul_2\"><li>Tarifele difer\u0103 \u00een dependen\u021b\u0103 de perioad\u0103 \u0219i de promo\u021biile afi\u0219ate.<\/li><li>Tarifele sunt de camer\u0103 \/ de noapte .<\/li><li>Tarifele sunt afi\u0219ate \u00een euro, cu TVA inclus , nu sunt percepute taxe \u0219i comisioane \u00een plus fa\u021b\u0103 de cele afi\u0219ate online, cu excep\u021bia taxei de sta\u021biune, care se achit\u0103 la recep\u021bia hotelului. Tarifele promo\u021bionale pot fi fluctuante pe perioada sezonului , f\u0103r\u0103 a fi anun\u021bate anticipat. Tariful nu se garanteaz\u0103 dec\u0103t pe baza unei rezerv\u0103ri confirmate.<\/li><\/ul><\/li><\/ul><p>Mesele incluse \u00een fiecare tarif sunt specificate \u00een oferte.<\/p><ul><li>Modalitatea de a rezerva rapid \u0219i u\u0219or o camer\u0103 la tariful afi\u0219at, este de a folosi cardul de credit , folosind sistemul de rezerv\u0103ri online pe site-ul oficial : www.hotel-ariadne.gr<\/li><li>Folosirea site-ului se face numai \u00een urma accept\u0103rii termenilor \u0219i condi\u021biilor. Dac\u0103 nu accepta\u021bi ace\u0219ti termeni \u0219i condi\u021bii, nu folosi\u021bi acest site.<\/li><\/ul><p>\u00a0<\/p><h3>Rezervarea prin intermediul e-mail<\/h3><ul class=\"ul_2\"><li style=\"list-style-type: none;\"><ul class=\"ul_2\"><li>Daca se rezerveaz\u0103 prin intermediul e-mail , tariful va fi cel afi\u0219at la ziua respectiv\u0103.<\/li><li>\u00cen cazul, \u00een care datele bancare sunt incorecte sau nu se accept\u0103 de c\u0103tre banc\u0103 cardul de credit , atunci rezervarea se anuleaz\u0103 imediat.<\/li><li>Orice rezervare efectuat\u0103 online presupune o plat\u0103 \u00een avans de 30% din suma total\u0103. Ve\u021bi primi o confirmare \u00een scris cu datele dvs \u0219i cu suma incasat\u0103. Va trebui s\u0103 o printa\u021bi \u0219i s\u0103 o prezenta\u021bi la recep\u021bie pentru cazare.<\/li><li>Daca rezervarea se face cu achitarea prin transfer bancar, va rug\u0103m s\u0103 g\u0103si\u021bi rechizitele noastre bancare ( mai jos) \u0219i \u00een momentul efectu\u0103rii tranzac\u021biei , v\u0103 rug\u0103m s\u0103 ne anun\u021ba\u021bi prin e-mail.<\/li><\/ul><\/li><\/ul><p>Restul pl\u0103\u021bii 70% se achit\u0103 cu 7 zile \u00eenainte de cazare, prin aceeasi modalitate de plat\u0103.<\/p><h3>Rezervarea prin telefon<\/h3><ul class=\"ul_2\"><li>Pentru rezervare prin telefon sunt valabile acelea\u0219i condi\u021bii , trecute mai sus, cu diferen\u021ba , ca acel avans de 30% sa fie transferat pe contul dat de hotel ( rechizitele bancare sunt afi\u0219ate mai jos ), la banc\u0103 sa fie trecut numele persoanei pe cine este facut\u0103 rezervarea. Diferen\u021ba de 70 % se achit\u0103 cu 7 zile \u00eenainte de cazare prin aceea\u0219i procedura bancar\u0103.<\/li><li>\u00cen ziua caz\u0103rii este necesar de prezentat la recep\u021bie buletinul sau pa\u0219aportul.<\/li><li>Pentru a face o rezervare de camer\u0103 , persoana trebuie s\u0103 aiba 18 ani implini\u021bi.<\/li><\/ul><h3>Condi\u021biile de check-in \u0219i check-out<\/h3><p>Cazarea se face de obicei \u00eentre 15:00 , conform politicii hotelului, ora local\u0103, \u00een ziua sosirii programat\u0103 \u00een rezervare. Pentru a evita probleme la cazare, v\u0103 rug\u0103m s\u0103 ne informa\u021bi \u00een cazul \u00een care ve\u021bi ajunge mai t\u00eerziu la hotel.<\/p><h3>Condi\u021bii de anulare<\/h3><ul><li>ndi\u021bii de anulare<br \/>Termenul limit\u0103 de anulare f\u0103r\u0103 penalizare este 7 zile p\u00een\u0103 \u00een ziua caz\u0103rii.<\/li><li>Dep\u0103\u0219irea termenului respectiv implica plata penaliz\u0103rilor, care de asemenea sunt specificate \u00een rezervare, 30 % din suma total\u0103.<\/li><li>\u00cen cazul neprezent\u0103rii la hotel, se va aplica o penalizare de 50 % din suma total\u0103 , \u00een func\u021bie de politica de anulare a hotelului. Suma penalizarii se va retine de pe cardul de credit.<\/li><\/ul><h3>Proprietatea accept\u0103 carduri VISA\/MASTER CARD \u0219i \u00ee\u0219i rezerv\u0103 dreptul de a bloca temporar o suma anterior sosirii dumneavoastr\u0103.<\/h3><p>personale. Pentru siguran\u021ba tranzactiei d-voastre , e bine s\u0103 folosi\u021bi un browser specializat ( Windows Internet Explorer, Netscape, Mozilla) , care este securizat (Secure Sockets Layer), astfel fiind salvate toate tranzac\u021biile f\u0103cute online. Datele personale vor fi confidentiale \u0219i protejate.<\/p><p>Protocolull SSL cripteaz\u0103 tot ceea ce a fost schimbat \u00een timpul acestei tranzac\u021bii prin serverul nostru pentru a ne asigura c\u0103 tranzac\u021bia dvs. este sigur\u0103.<\/p><blockquote><p><em>Datele dumneavoastr\u0103 personale vor fi \u00een siguran\u021b\u0103.<\/em><\/p><\/blockquote><p>Animalele de companie nu sunt permise<\/p><h3>Pentru depozitul dvs:<\/h3><p>Banca:<\/p><p>Ethniki<br \/>SWIFT-BIC: ETHNGRAA<br \/>IBAN: GR320110 7560 0000 7563 0030 007<br \/>Beneficiar: FAIDRA \u0391.\u03a4.\u0395.<\/p>\t\t\t\t\t\t\t\t<\/div>\n\t\t\t\t<\/div>\n\t\t\t\t<section class=\"elementor-section elementor-inner-section elementor-element elementor-element-69d1f906 elementor-section-content-middle elementor-section-boxed elementor-section-height-default elementor-section-height-default\" data-id=\"69d1f906\" data-element_type=\"section\" data-e-type=\"section\">\n\t\t\t\t\t\t<div class=\"elementor-container elementor-column-gap-no\">\n\t\t\t\t\t<div class=\"elementor-column elementor-col-100 elementor-inner-column elementor-element elementor-element-2f6c6fa7\" data-id=\"2f6c6fa7\" data-element_type=\"column\" data-e-type=\"column\">\n\t\t\t<div class=\"elementor-widget-wrap\">\n\t\t\t\t\t\t\t<\/div>\n\t\t<\/div>\n\t\t\t\t\t<\/div>\n\t\t<\/section>\n\t\t\t\t\t<\/div>\n\t\t<\/div>\n\t\t\t\t\t<\/div>\n\t\t<\/section>\n\t\t\t\t<\/div>\n\t\t","protected":false},"excerpt":{"rendered":"<p>Termeni \u0219i condi\u021bii Condi\u021bii generale de rezervare &#8211; ce trebuie s\u0103 \u0219ti\u021bi despre rezervarea \u0219i validarea camerelor V\u0103 rug\u0103m s\u0103 lua\u021bi la cuno\u0219tin\u021ba cu aten\u021bie condi\u021biile de efectuare, modificare \u0219i anulare a rezerv\u0103rilor, pentru a evita eventuale neclarit\u0103\u021bi \u0219i probleme de alt gen. Urmatorii termeni si conditii se vor aplica tuturor rezervarilor, indiferent cum au [&hellip;]<\/p>\n","protected":false},"author":1,"featured_media":0,"parent":0,"menu_order":0,"comment_status":"closed","ping_status":"closed","template":"","meta":{"site-sidebar-layout":"no-sidebar","site-content-layout":"page-builder","ast-site-content-layout":"default","site-content-style":"default","site-sidebar-style":"default","ast-global-header-display":"","ast-banner-title-visibility":"","ast-main-header-display":"","ast-hfb-above-header-display":"","ast-hfb-below-header-display":"","ast-hfb-mobile-header-display":"","site-post-title":"disabled","ast-breadcrumbs-content":"","ast-featured-img":"disabled","footer-sml-layout":"","theme-transparent-header-meta":"default","adv-header-id-meta":"","stick-header-meta":"default","header-above-stick-meta":"","header-main-stick-meta":"","header-below-stick-meta":"","astra-migrate-meta-layouts":"default","ast-page-background-enabled":"default","ast-page-background-meta":{"desktop":{"background-color":"var(--ast-global-color-4)","background-image":"","background-repeat":"repeat","background-position":"center center","background-size":"auto","background-attachment":"scroll","background-type":"","background-media":"","overlay-type":"","overlay-color":"","overlay-opacity":"","overlay-gradient":""},"tablet":{"background-color":"","background-image":"","background-repeat":"repeat","background-position":"center center","background-size":"auto","background-attachment":"scroll","background-type":"","background-media":"","overlay-type":"","overlay-color":"","overlay-opacity":"","overlay-gradient":""},"mobile":{"background-color":"","background-image":"","background-repeat":"repeat","background-position":"center center","background-size":"auto","background-attachment":"scroll","background-type":"","background-media":"","overlay-type":"","overlay-color":"","overlay-opacity":"","overlay-gradient":""}},"ast-content-background-meta":{"desktop":{"background-color":"var(--ast-global-color-5)","background-image":"","background-repeat":"repeat","background-position":"center center","background-size":"auto","background-attachment":"scroll","background-type":"","background-media":"","overlay-type":"","overlay-color":"","overlay-opacity":"","overlay-gradient":""},"tablet":{"background-color":"var(--ast-global-color-5)","background-image":"","background-repeat":"repeat","background-position":"center center","background-size":"auto","background-attachment":"scroll","background-type":"","background-media":"","overlay-type":"","overlay-color":"","overlay-opacity":"","overlay-gradient":""},"mobile":{"background-color":"var(--ast-global-color-5)","background-image":"","background-repeat":"repeat","background-position":"center center","background-size":"auto","background-attachment":"scroll","background-type":"","background-media":"","overlay-type":"","overlay-color":"","overlay-opacity":"","overlay-gradient":""}},"footnotes":""},"class_list":["post-5281","page","type-page","status-publish","hentry"],"yoast_head":"<!-- This site is optimized with the Yoast SEO plugin v27.4 - https:\/\/yoast.com\/product\/yoast-seo-wordpress\/ -->\n<title>Termeni \u0219i condi\u021bii - Ariadne Hotel Rethymno<\/title>\n<meta name=\"robots\" content=\"index, follow, max-snippet:-1, max-image-preview:large, max-video-preview:-1\" \/>\n<link rel=\"canonical\" href=\"https:\/\/ariadne.gr\/ro\/termeni-si-conditii\/\" \/>\n<meta property=\"og:locale\" content=\"ro_RO\" \/>\n<meta property=\"og:type\" content=\"article\" \/>\n<meta property=\"og:title\" content=\"Termeni \u0219i condi\u021bii - Ariadne Hotel Rethymno\" \/>\n<meta property=\"og:description\" content=\"Termeni \u0219i condi\u021bii Condi\u021bii generale de rezervare &#8211; ce trebuie s\u0103 \u0219ti\u021bi despre rezervarea \u0219i validarea camerelor V\u0103 rug\u0103m s\u0103 lua\u021bi la cuno\u0219tin\u021ba cu aten\u021bie condi\u021biile de efectuare, modificare \u0219i anulare a rezerv\u0103rilor, pentru a evita eventuale neclarit\u0103\u021bi \u0219i probleme de alt gen. Urmatorii termeni si conditii se vor aplica tuturor rezervarilor, indiferent cum au [&hellip;]\" \/>\n<meta property=\"og:url\" content=\"https:\/\/ariadne.gr\/ro\/termeni-si-conditii\/\" \/>\n<meta property=\"og:site_name\" content=\"Ariadne Hotel Rethymno\" \/>\n<meta property=\"article:modified_time\" content=\"2024-06-10T10:07:29+00:00\" \/>\n<meta name=\"twitter:card\" content=\"summary_large_image\" \/>\n<meta name=\"twitter:label1\" content=\"Timp estimat pentru citire\" \/>\n\t<meta name=\"twitter:data1\" content=\"4 minute\" \/>\n<script type=\"application\/ld+json\" class=\"yoast-schema-graph\">{\"@context\":\"https:\\\/\\\/schema.org\",\"@graph\":[{\"@type\":\"WebPage\",\"@id\":\"https:\\\/\\\/ariadne.gr\\\/ro\\\/termeni-si-conditii\\\/\",\"url\":\"https:\\\/\\\/ariadne.gr\\\/ro\\\/termeni-si-conditii\\\/\",\"name\":\"Termeni \u0219i condi\u021bii - Ariadne Hotel Rethymno\",\"isPartOf\":{\"@id\":\"https:\\\/\\\/ariadne.gr\\\/ro\\\/#website\"},\"datePublished\":\"2023-02-17T11:04:34+00:00\",\"dateModified\":\"2024-06-10T10:07:29+00:00\",\"breadcrumb\":{\"@id\":\"https:\\\/\\\/ariadne.gr\\\/ro\\\/termeni-si-conditii\\\/#breadcrumb\"},\"inLanguage\":\"ro-RO\",\"potentialAction\":[{\"@type\":\"ReadAction\",\"target\":[\"https:\\\/\\\/ariadne.gr\\\/ro\\\/termeni-si-conditii\\\/\"]}]},{\"@type\":\"BreadcrumbList\",\"@id\":\"https:\\\/\\\/ariadne.gr\\\/ro\\\/termeni-si-conditii\\\/#breadcrumb\",\"itemListElement\":[{\"@type\":\"ListItem\",\"position\":1,\"name\":\"\u0391\u03c1\u03c7\u03b9\u03ba\u03ae\",\"item\":\"https:\\\/\\\/ariadne.gr\\\/ro\\\/\"},{\"@type\":\"ListItem\",\"position\":2,\"name\":\"Termeni \u0219i condi\u021bii\"}]},{\"@type\":\"WebSite\",\"@id\":\"https:\\\/\\\/ariadne.gr\\\/ro\\\/#website\",\"url\":\"https:\\\/\\\/ariadne.gr\\\/ro\\\/\",\"name\":\"Ariadne Hotel Rethymno\",\"description\":\"Hotel Rethymno Crete\",\"publisher\":{\"@id\":\"https:\\\/\\\/ariadne.gr\\\/ro\\\/#organization\"},\"potentialAction\":[{\"@type\":\"SearchAction\",\"target\":{\"@type\":\"EntryPoint\",\"urlTemplate\":\"https:\\\/\\\/ariadne.gr\\\/ro\\\/?s={search_term_string}\"},\"query-input\":{\"@type\":\"PropertyValueSpecification\",\"valueRequired\":true,\"valueName\":\"search_term_string\"}}],\"inLanguage\":\"ro-RO\"},{\"@type\":\"Organization\",\"@id\":\"https:\\\/\\\/ariadne.gr\\\/ro\\\/#organization\",\"name\":\"Ariadne Hotel Rethymno\",\"url\":\"https:\\\/\\\/ariadne.gr\\\/ro\\\/\",\"logo\":{\"@type\":\"ImageObject\",\"inLanguage\":\"ro-RO\",\"@id\":\"https:\\\/\\\/ariadne.gr\\\/ro\\\/#\\\/schema\\\/logo\\\/image\\\/\",\"url\":\"https:\\\/\\\/ariadne.gr\\\/wp-content\\\/uploads\\\/logos-copy.png\",\"contentUrl\":\"https:\\\/\\\/ariadne.gr\\\/wp-content\\\/uploads\\\/logos-copy.png\",\"width\":85,\"height\":78,\"caption\":\"Ariadne Hotel Rethymno\"},\"image\":{\"@id\":\"https:\\\/\\\/ariadne.gr\\\/ro\\\/#\\\/schema\\\/logo\\\/image\\\/\"}}]}<\/script>\n<!-- \/ Yoast SEO plugin. -->","yoast_head_json":{"title":"Termeni \u0219i condi\u021bii - Ariadne Hotel Rethymno","robots":{"index":"index","follow":"follow","max-snippet":"max-snippet:-1","max-image-preview":"max-image-preview:large","max-video-preview":"max-video-preview:-1"},"canonical":"https:\/\/ariadne.gr\/ro\/termeni-si-conditii\/","og_locale":"ro_RO","og_type":"article","og_title":"Termeni \u0219i condi\u021bii - Ariadne Hotel Rethymno","og_description":"Termeni \u0219i condi\u021bii Condi\u021bii generale de rezervare &#8211; ce trebuie s\u0103 \u0219ti\u021bi despre rezervarea \u0219i validarea camerelor V\u0103 rug\u0103m s\u0103 lua\u021bi la cuno\u0219tin\u021ba cu aten\u021bie condi\u021biile de efectuare, modificare \u0219i anulare a rezerv\u0103rilor, pentru a evita eventuale neclarit\u0103\u021bi \u0219i probleme de alt gen. Urmatorii termeni si conditii se vor aplica tuturor rezervarilor, indiferent cum au [&hellip;]","og_url":"https:\/\/ariadne.gr\/ro\/termeni-si-conditii\/","og_site_name":"Ariadne Hotel Rethymno","article_modified_time":"2024-06-10T10:07:29+00:00","twitter_card":"summary_large_image","twitter_misc":{"Timp estimat pentru citire":"4 minute"},"schema":{"@context":"https:\/\/schema.org","@graph":[{"@type":"WebPage","@id":"https:\/\/ariadne.gr\/ro\/termeni-si-conditii\/","url":"https:\/\/ariadne.gr\/ro\/termeni-si-conditii\/","name":"Termeni \u0219i condi\u021bii - Ariadne Hotel Rethymno","isPartOf":{"@id":"https:\/\/ariadne.gr\/ro\/#website"},"datePublished":"2023-02-17T11:04:34+00:00","dateModified":"2024-06-10T10:07:29+00:00","breadcrumb":{"@id":"https:\/\/ariadne.gr\/ro\/termeni-si-conditii\/#breadcrumb"},"inLanguage":"ro-RO","potentialAction":[{"@type":"ReadAction","target":["https:\/\/ariadne.gr\/ro\/termeni-si-conditii\/"]}]},{"@type":"BreadcrumbList","@id":"https:\/\/ariadne.gr\/ro\/termeni-si-conditii\/#breadcrumb","itemListElement":[{"@type":"ListItem","position":1,"name":"\u0391\u03c1\u03c7\u03b9\u03ba\u03ae","item":"https:\/\/ariadne.gr\/ro\/"},{"@type":"ListItem","position":2,"name":"Termeni \u0219i condi\u021bii"}]},{"@type":"WebSite","@id":"https:\/\/ariadne.gr\/ro\/#website","url":"https:\/\/ariadne.gr\/ro\/","name":"Ariadne Hotel Rethymno","description":"Hotel Rethymno Crete","publisher":{"@id":"https:\/\/ariadne.gr\/ro\/#organization"},"potentialAction":[{"@type":"SearchAction","target":{"@type":"EntryPoint","urlTemplate":"https:\/\/ariadne.gr\/ro\/?s={search_term_string}"},"query-input":{"@type":"PropertyValueSpecification","valueRequired":true,"valueName":"search_term_string"}}],"inLanguage":"ro-RO"},{"@type":"Organization","@id":"https:\/\/ariadne.gr\/ro\/#organization","name":"Ariadne Hotel Rethymno","url":"https:\/\/ariadne.gr\/ro\/","logo":{"@type":"ImageObject","inLanguage":"ro-RO","@id":"https:\/\/ariadne.gr\/ro\/#\/schema\/logo\/image\/","url":"https:\/\/ariadne.gr\/wp-content\/uploads\/logos-copy.png","contentUrl":"https:\/\/ariadne.gr\/wp-content\/uploads\/logos-copy.png","width":85,"height":78,"caption":"Ariadne Hotel Rethymno"},"image":{"@id":"https:\/\/ariadne.gr\/ro\/#\/schema\/logo\/image\/"}}]}},"_links":{"self":[{"href":"https:\/\/ariadne.gr\/ro\/wp-json\/wp\/v2\/pages\/5281","targetHints":{"allow":["GET"]}}],"collection":[{"href":"https:\/\/ariadne.gr\/ro\/wp-json\/wp\/v2\/pages"}],"about":[{"href":"https:\/\/ariadne.gr\/ro\/wp-json\/wp\/v2\/types\/page"}],"author":[{"embeddable":true,"href":"https:\/\/ariadne.gr\/ro\/wp-json\/wp\/v2\/users\/1"}],"replies":[{"embeddable":true,"href":"https:\/\/ariadne.gr\/ro\/wp-json\/wp\/v2\/comments?post=5281"}],"version-history":[{"count":0,"href":"https:\/\/ariadne.gr\/ro\/wp-json\/wp\/v2\/pages\/5281\/revisions"}],"wp:attachment":[{"href":"https:\/\/ariadne.gr\/ro\/wp-json\/wp\/v2\/media?parent=5281"}],"curies":[{"name":"wp","href":"https:\/\/api.w.org\/{rel}","templated":true}]}}